{"id":100,"date":"2025-11-06T10:21:30","date_gmt":"2025-11-06T10:21:30","guid":{"rendered":"https:\/\/wtzpiotrkow.pl\/?page_id=100"},"modified":"2025-11-13T09:43:17","modified_gmt":"2025-11-13T09:43:17","slug":"mieszkania-wspomagane","status":"publish","type":"page","link":"https:\/\/skpdn.pl\/index.php\/mieszkania-wspomagane\/","title":{"rendered":"Mieszkania wspomagane"},"content":{"rendered":"<p>W 2019 roku w ramach projektu unijnego \u201eRazem mo\u017cemy jeszcze wi\u0119cej\u201d utworzono 5 mieszka\u0144 wspomaganych dla uczestnik\u00f3w WTZ z Piotrkowa Trybunalskiego. Celem pobytu w mieszkaniach wspomaganych jest nauka samodzielnego funkcjonowania z dala od \u015brodowiska rodzinnego. Mieszkania s\u0105 kompletnie wyposa\u017cone i jednocze\u015bnie mo\u017ce z nich korzysta\u0107 5 os\u00f3b. W ramach pobytu prowadzone s\u0105 treningi u\u0142atwiaj\u0105ce mieszka\u0144com radzenie sobie w samodzielnym \u017cyciu m.in.: trening kulinarny, trening w zakresie higieny i promocji zdrowia oraz trening prowadzenia gospodarstwa domowego.<\/p>\n","protected":false},"excerpt":{"rendered":"<p>W 2019 roku w ramach projektu unijnego \u201eRazem mo\u017cemy jeszcze wi\u0119cej\u201d utworzono 5 mieszka\u0144 wspomaganych dla uczestnik\u00f3w WTZ z Piotrkowa Trybunalskiego. Celem pobytu w mieszkaniach wspomaganych jest nauka samodzielnego funkcjonowania z dala od \u015brodowiska rodzinnego. Mieszkania s\u0105 kompletnie wyposa\u017cone i jednocze\u015bnie mo\u017ce z nich korzysta\u0107 5 os\u00f3b. W ramach pobytu prowadzone s\u0105 treningi u\u0142atwiaj\u0105ce mieszka\u0144com <a class=\"more-link\" href=\"https:\/\/skpdn.pl\/index.php\/mieszkania-wspomagane\/\">Continue reading <i class=\"fa fa-chevron-right\"><\/i><\/a><\/p>\n","protected":false},"author":1,"featured_media":0,"parent":0,"menu_order":0,"comment_status":"closed","ping_status":"closed","template":"","meta":{"footnotes":""},"class_list":["post-100","page","type-page","status-publish","hentry"],"_links":{"self":[{"href":"https:\/\/skpdn.pl\/index.php\/wp-json\/wp\/v2\/pages\/100","targetHints":{"allow":["GET"]}}],"collection":[{"href":"https:\/\/skpdn.pl\/index.php\/wp-json\/wp\/v2\/pages"}],"about":[{"href":"https:\/\/skpdn.pl\/index.php\/wp-json\/wp\/v2\/types\/page"}],"author":[{"embeddable":true,"href":"https:\/\/skpdn.pl\/index.php\/wp-json\/wp\/v2\/users\/1"}],"replies":[{"embeddable":true,"href":"https:\/\/skpdn.pl\/index.php\/wp-json\/wp\/v2\/comments?post=100"}],"version-history":[{"count":3,"href":"https:\/\/skpdn.pl\/index.php\/wp-json\/wp\/v2\/pages\/100\/revisions"}],"predecessor-version":[{"id":161,"href":"https:\/\/skpdn.pl\/index.php\/wp-json\/wp\/v2\/pages\/100\/revisions\/161"}],"wp:attachment":[{"href":"https:\/\/skpdn.pl\/index.php\/wp-json\/wp\/v2\/media?parent=100"}],"curies":[{"name":"wp","href":"https:\/\/api.w.org\/{rel}","templated":true}]}}