{"id":102,"date":"2025-11-06T10:21:42","date_gmt":"2025-11-06T10:21:42","guid":{"rendered":"https:\/\/wtzpiotrkow.pl\/?page_id=102"},"modified":"2025-12-16T10:31:28","modified_gmt":"2025-12-16T10:31:28","slug":"klub-blizej-siebie","status":"publish","type":"page","link":"https:\/\/skpdn.pl\/index.php\/klub-blizej-siebie\/","title":{"rendered":"Klub &#8222;Bli\u017cej siebie&#8221;"},"content":{"rendered":"<p><span style=\"font-size: large;\">KLUB WSPARCIA DLA OS\u00d3B Z NIEPE\u0141NOSPARWNO\u015aCIAMI \u201eBLI\u017bEJ SIEBIE\u201d<\/span><\/p>\n<p>Klub wsparcia dla os\u00f3b niepe\u0142nosprawnych \u201eBli\u017cej siebie\u201d utworzony zosta\u0142 w 2017 roku z my\u015bl\u0105 o osobach z niepe\u0142nosprawno\u015bciami, kt\u00f3re w spos\u00f3b aktywny i tw\u00f3rczy pragn\u0105 sp\u0119dza\u0107 czas wolny po zaj\u0119ciach w WTZ. Aktualnie z oferty zaj\u0119\u0107 w klubie korzysta 15 os\u00f3b. W ramach pobytu w plac\u00f3wce uczestnicy korzystaj\u0105 z zaj\u0119\u0107: plastycznych, muzycznych, ruchowych, kulinarnych i innych. Bior\u0105 udzia\u0142 w wyj\u015bciach do pizzerii, do parku, ucz\u0105 si\u0119 samodzielno\u015bci oraz mi\u0142o sp\u0119dzaj\u0105 czas.<\/p>\n","protected":false},"excerpt":{"rendered":"<p>KLUB WSPARCIA DLA OS\u00d3B Z NIEPE\u0141NOSPARWNO\u015aCIAMI \u201eBLI\u017bEJ SIEBIE\u201d Klub wsparcia dla os\u00f3b niepe\u0142nosprawnych \u201eBli\u017cej siebie\u201d utworzony zosta\u0142 w 2017 roku z my\u015bl\u0105 o osobach z niepe\u0142nosprawno\u015bciami, kt\u00f3re w spos\u00f3b aktywny i tw\u00f3rczy pragn\u0105 sp\u0119dza\u0107 czas wolny po zaj\u0119ciach w WTZ. Aktualnie z oferty zaj\u0119\u0107 w klubie korzysta 15 os\u00f3b. W ramach pobytu w plac\u00f3wce uczestnicy <a class=\"more-link\" href=\"https:\/\/skpdn.pl\/index.php\/klub-blizej-siebie\/\">Continue reading <i class=\"fa fa-chevron-right\"><\/i><\/a><\/p>\n","protected":false},"author":1,"featured_media":0,"parent":0,"menu_order":0,"comment_status":"closed","ping_status":"closed","template":"","meta":{"footnotes":""},"class_list":["post-102","page","type-page","status-publish","hentry"],"_links":{"self":[{"href":"https:\/\/skpdn.pl\/index.php\/wp-json\/wp\/v2\/pages\/102","targetHints":{"allow":["GET"]}}],"collection":[{"href":"https:\/\/skpdn.pl\/index.php\/wp-json\/wp\/v2\/pages"}],"about":[{"href":"https:\/\/skpdn.pl\/index.php\/wp-json\/wp\/v2\/types\/page"}],"author":[{"embeddable":true,"href":"https:\/\/skpdn.pl\/index.php\/wp-json\/wp\/v2\/users\/1"}],"replies":[{"embeddable":true,"href":"https:\/\/skpdn.pl\/index.php\/wp-json\/wp\/v2\/comments?post=102"}],"version-history":[{"count":7,"href":"https:\/\/skpdn.pl\/index.php\/wp-json\/wp\/v2\/pages\/102\/revisions"}],"predecessor-version":[{"id":267,"href":"https:\/\/skpdn.pl\/index.php\/wp-json\/wp\/v2\/pages\/102\/revisions\/267"}],"wp:attachment":[{"href":"https:\/\/skpdn.pl\/index.php\/wp-json\/wp\/v2\/media?parent=102"}],"curies":[{"name":"wp","href":"https:\/\/api.w.org\/{rel}","templated":true}]}}