{"id":104,"date":"2025-11-06T10:21:59","date_gmt":"2025-11-06T10:21:59","guid":{"rendered":"https:\/\/wtzpiotrkow.pl\/?page_id=104"},"modified":"2026-04-15T11:18:35","modified_gmt":"2026-04-15T11:18:35","slug":"projekt-aktywnosc-droga-do-zdrowia-i-samodzielnosci","status":"publish","type":"page","link":"https:\/\/skpdn.pl\/index.php\/projekt-aktywnosc-droga-do-zdrowia-i-samodzielnosci\/","title":{"rendered":"Projekt &#8222;Aktywno\u015b\u0107 drog\u0105 do zdrowia i samodzielno\u015bci&#8221;"},"content":{"rendered":"<p><a href=\"https:\/\/skpdn.pl\/index.php\/projekt-aktywnosc-droga-do-zdrowia-i-samodzielnosci\/aktywnosc-obrazy-0\/\" rel=\"attachment wp-att-388\"><img loading=\"lazy\" decoding=\"async\" class=\"alignnone size-large wp-image-388\" src=\"https:\/\/skpdn.pl\/wp-content\/uploads\/2026\/04\/aktywnosc-obrazy-0-724x1024.jpg\" alt=\"\" width=\"724\" height=\"1024\" srcset=\"https:\/\/skpdn.pl\/wp-content\/uploads\/2026\/04\/aktywnosc-obrazy-0-724x1024.jpg 724w, https:\/\/skpdn.pl\/wp-content\/uploads\/2026\/04\/aktywnosc-obrazy-0-212x300.jpg 212w, https:\/\/skpdn.pl\/wp-content\/uploads\/2026\/04\/aktywnosc-obrazy-0-768x1087.jpg 768w, https:\/\/skpdn.pl\/wp-content\/uploads\/2026\/04\/aktywnosc-obrazy-0-1086x1536.jpg 1086w, https:\/\/skpdn.pl\/wp-content\/uploads\/2026\/04\/aktywnosc-obrazy-0-1447x2048.jpg 1447w, https:\/\/skpdn.pl\/wp-content\/uploads\/2026\/04\/aktywnosc-obrazy-0-scaled.jpg 1809w\" sizes=\"auto, (max-width: 724px) 100vw, 724px\" \/><\/a><\/p>\n<p><a href=\"https:\/\/skpdn.pl\/index.php\/projekt-aktywnosc-droga-do-zdrowia-i-samodzielnosci\/aktywnosc-obrazy-1\/\" rel=\"attachment wp-att-389\"><img loading=\"lazy\" decoding=\"async\" class=\"alignnone size-large wp-image-389\" src=\"https:\/\/skpdn.pl\/wp-content\/uploads\/2026\/04\/aktywnosc-obrazy-1-724x1024.jpg\" alt=\"\" width=\"724\" height=\"1024\" srcset=\"https:\/\/skpdn.pl\/wp-content\/uploads\/2026\/04\/aktywnosc-obrazy-1-724x1024.jpg 724w, https:\/\/skpdn.pl\/wp-content\/uploads\/2026\/04\/aktywnosc-obrazy-1-212x300.jpg 212w, https:\/\/skpdn.pl\/wp-content\/uploads\/2026\/04\/aktywnosc-obrazy-1-768x1087.jpg 768w, https:\/\/skpdn.pl\/wp-content\/uploads\/2026\/04\/aktywnosc-obrazy-1-1086x1536.jpg 1086w, https:\/\/skpdn.pl\/wp-content\/uploads\/2026\/04\/aktywnosc-obrazy-1-1447x2048.jpg 1447w, https:\/\/skpdn.pl\/wp-content\/uploads\/2026\/04\/aktywnosc-obrazy-1-scaled.jpg 1809w\" sizes=\"auto, (max-width: 724px) 100vw, 724px\" \/><\/a><\/p>\n<p>&nbsp;<\/p>\n<p><a href=\"https:\/\/skpdn.pl\/index.php\/projekt-aktywnosc-droga-do-zdrowia-i-samodzielnosci\/plakat-1-2\/\" rel=\"attachment wp-att-328\"><img loading=\"lazy\" decoding=\"async\" class=\"alignnone size-large wp-image-328\" src=\"https:\/\/skpdn.pl\/wp-content\/uploads\/2026\/03\/plakat-1-724x1024.jpg\" alt=\"\" width=\"724\" height=\"1024\" srcset=\"https:\/\/skpdn.pl\/wp-content\/uploads\/2026\/03\/plakat-1-724x1024.jpg 724w, https:\/\/skpdn.pl\/wp-content\/uploads\/2026\/03\/plakat-1-212x300.jpg 212w, https:\/\/skpdn.pl\/wp-content\/uploads\/2026\/03\/plakat-1-768x1087.jpg 768w, https:\/\/skpdn.pl\/wp-content\/uploads\/2026\/03\/plakat-1-1086x1536.jpg 1086w, https:\/\/skpdn.pl\/wp-content\/uploads\/2026\/03\/plakat-1-1447x2048.jpg 1447w, https:\/\/skpdn.pl\/wp-content\/uploads\/2026\/03\/plakat-1-scaled.jpg 1809w\" sizes=\"auto, (max-width: 724px) 100vw, 724px\" \/><\/a><\/p>\n<p><strong>DOKUMENTY DO POBRANIA:<\/strong><\/p>\n<p>&nbsp;<\/p>\n<p>ASYSTENT OSOBISTY OSOBY Z NIEPE\u0141NOSPRAWNO\u015aCIAMI:<\/p>\n<ol>\n<li><a href=\"https:\/\/skpdn.pl\/index.php\/projekt-aktywnosc-droga-do-zdrowia-i-samodzielnosci\/karta-zgloszenia-do-projektu-asystent\/\" rel=\"attachment wp-att-330\">Karta zg\u0142oszenia do Projektu Asystent<\/a><\/li>\n<li><a href=\"https:\/\/skpdn.pl\/index.php\/projekt-aktywnosc-droga-do-zdrowia-i-samodzielnosci\/karta-zakresu-czynnosci-asystent\/\" rel=\"attachment wp-att-329\">Karta zakresu czynno\u015bci Asystent<\/a><\/li>\n<li><a href=\"https:\/\/skpdn.pl\/index.php\/projekt-aktywnosc-droga-do-zdrowia-i-samodzielnosci\/rodo-uczestnika-indywidualnego-2\/\" rel=\"attachment wp-att-335\">RODO uczestnika indywidualnego<\/a><\/li>\n<\/ol>\n<p>KLUB WSPARCIA DLA OS\u00d3B WYMAGAJ\u0104CYCH WSPARCIA W CODZIENNYM FUNKCJONOWANIU:<\/p>\n<ol>\n<li><a href=\"https:\/\/skpdn.pl\/index.php\/projekt-aktywnosc-droga-do-zdrowia-i-samodzielnosci\/karta-zgloszenia-do-projektu-klub\/\" rel=\"attachment wp-att-331\">Karta zg\u0142oszenia do Projektu Klub<\/a><\/li>\n<li><a href=\"https:\/\/skpdn.pl\/index.php\/projekt-aktywnosc-droga-do-zdrowia-i-samodzielnosci\/rodo-uczestnika-indywidualnego\/\" rel=\"attachment wp-att-332\">RODO uczestnika indywidualnego<\/a><\/li>\n<\/ol>\n<p>PORADNICTWO SPECJALISTYCZNE DLA OPIEKUN\u00d3W FAKTYCZNYCH OS\u00d3B Z NIEPE\u0141NOSPRAWNO\u015aCI\u0104:<\/p>\n<ol>\n<li><a href=\"https:\/\/skpdn.pl\/index.php\/projekt-aktywnosc-droga-do-zdrowia-i-samodzielnosci\/karta-zgloszenia-do-projektu-poradnictwo-rodzic\/\" rel=\"attachment wp-att-333\">Karta zg\u0142oszenia do Projektu poradnictwo rodzic<\/a><\/li>\n<li><a href=\"https:\/\/skpdn.pl\/index.php\/projekt-aktywnosc-droga-do-zdrowia-i-samodzielnosci\/oswiadczenie-poradnictwo-rodzic\/\" rel=\"attachment wp-att-334\">O\u015bwiadczenie poradnictwo rodzic<\/a><\/li>\n<li><a href=\"https:\/\/skpdn.pl\/index.php\/projekt-aktywnosc-droga-do-zdrowia-i-samodzielnosci\/rodo-uczestnika-indywidualnego-2\/\" rel=\"attachment wp-att-335\">RODO uczestnika indywidualnego<\/a><\/li>\n<\/ol>\n<p>&nbsp;<\/p>\n<p>&nbsp;<\/p>\n","protected":false},"excerpt":{"rendered":"<p>&nbsp; DOKUMENTY DO POBRANIA: &nbsp; ASYSTENT OSOBISTY OSOBY Z NIEPE\u0141NOSPRAWNO\u015aCIAMI: Karta zg\u0142oszenia do Projektu Asystent Karta zakresu czynno\u015bci Asystent RODO uczestnika indywidualnego KLUB WSPARCIA DLA OS\u00d3B WYMAGAJ\u0104CYCH WSPARCIA W CODZIENNYM FUNKCJONOWANIU: Karta zg\u0142oszenia do Projektu Klub RODO uczestnika indywidualnego PORADNICTWO SPECJALISTYCZNE DLA OPIEKUN\u00d3W FAKTYCZNYCH OS\u00d3B Z NIEPE\u0141NOSPRAWNO\u015aCI\u0104: Karta zg\u0142oszenia do Projektu poradnictwo rodzic O\u015bwiadczenie poradnictwo <a class=\"more-link\" href=\"https:\/\/skpdn.pl\/index.php\/projekt-aktywnosc-droga-do-zdrowia-i-samodzielnosci\/\">Continue reading <i class=\"fa fa-chevron-right\"><\/i><\/a><\/p>\n","protected":false},"author":1,"featured_media":0,"parent":0,"menu_order":0,"comment_status":"closed","ping_status":"closed","template":"","meta":{"footnotes":""},"class_list":["post-104","page","type-page","status-publish","hentry"],"_links":{"self":[{"href":"https:\/\/skpdn.pl\/index.php\/wp-json\/wp\/v2\/pages\/104","targetHints":{"allow":["GET"]}}],"collection":[{"href":"https:\/\/skpdn.pl\/index.php\/wp-json\/wp\/v2\/pages"}],"about":[{"href":"https:\/\/skpdn.pl\/index.php\/wp-json\/wp\/v2\/types\/page"}],"author":[{"embeddable":true,"href":"https:\/\/skpdn.pl\/index.php\/wp-json\/wp\/v2\/users\/1"}],"replies":[{"embeddable":true,"href":"https:\/\/skpdn.pl\/index.php\/wp-json\/wp\/v2\/comments?post=104"}],"version-history":[{"count":11,"href":"https:\/\/skpdn.pl\/index.php\/wp-json\/wp\/v2\/pages\/104\/revisions"}],"predecessor-version":[{"id":394,"href":"https:\/\/skpdn.pl\/index.php\/wp-json\/wp\/v2\/pages\/104\/revisions\/394"}],"wp:attachment":[{"href":"https:\/\/skpdn.pl\/index.php\/wp-json\/wp\/v2\/media?parent=104"}],"curies":[{"name":"wp","href":"https:\/\/api.w.org\/{rel}","templated":true}]}}