{"id":62,"date":"2025-11-06T10:08:37","date_gmt":"2025-11-06T10:08:37","guid":{"rendered":"https:\/\/wtzpiotrkow.pl\/?page_id=62"},"modified":"2025-12-16T10:23:10","modified_gmt":"2025-12-16T10:23:10","slug":"o-stowarzyszeniu","status":"publish","type":"page","link":"https:\/\/skpdn.pl\/index.php\/o-stowarzyszeniu\/","title":{"rendered":"O Stowarzyszeniu"},"content":{"rendered":"<p>Wiele lat temu, aby pomaga\u0107 swoim niepe\u0142nosprawnym dzieciom, rodzice tworzyli w ramach Towarzystwa Przyjaci\u00f3\u0142 Dzieci \u2013 Ko\u0142a Pomocy Dzieciom Specjalnej Troski. W roku 1993 w strukturach piotrkowskiego TPD powsta\u0142 o\u015brodek rehabilitacyjny dla dzieci, maj\u0105cy swoj\u0105 siedzib\u0119 w budynku przy ulicy Rycerskiej 16 w Piotrkowie Trybunalskim.<\/p>\n<p>W kwietniu 1994 roku rodzice utworzyli w\u0142asne, niezale\u017cne od TPD stowarzyszenie pod nazw\u0105 Ko\u0142o Pomocy Dzieciom Niepe\u0142nosprawnym, kt\u00f3rego celem by\u0142o niesienie pomocy osobom niepe\u0142nosprawnym poprzez rehabilitacj\u0119 prowadz\u0105c\u0105 do pe\u0142nej aktywno\u015bci \u017cyciowej. Przy ulicy Rycerskiej 16 uruchomiono Warsztaty Terapii Zaj\u0119ciowej, RSW ( obecna \u201eSzansa\u201d) przeniesiono do lepszych warunk\u00f3w lokalowych. WTZ liczy\u0142y pocz\u0105tkowo kilkunastu uczestnik\u00f3w, ale bardzo szybko okaza\u0142o si\u0119, \u017ce na przyj\u0119cie do Warsztat\u00f3w oczekuje wiele os\u00f3b, kt\u00f3re \u017cyj\u0105 w spo\u0142ecznej izolacji zdane wy\u0142\u0105cznie na opiek\u0119 i towarzystwo rodziny. Potrzeby by\u0142y tak du\u017ce, \u017ce w 2007 roku powo\u0142ano kolejny WTZ dla os\u00f3b z okolicznych gmin ( obecnie WTZ \u201eKubusie\u201d). Przez wiele lat siedzib\u0105 \u201eKubusi\u00f3w\u201d by\u0142 lokal w Sulejowie przy ul. Kubusia Puchatka ( st\u0105d nazwa). Dzi\u0119ki \u017cyczliwo\u015bci i wsparciu W\u0142adz Piotrkowa Trybunalskiego oraz W\u0142adz Powiatu Piotrkowskiego Warsztaty Terapii Zaj\u0119ciowej co roku rozszerza\u0142y swoj\u0105 dzia\u0142alno\u015b\u0107, pozyskiwa\u0142y nowe lokale i obejmowa\u0142y terapi\u0105 nowe osoby. Obecnie w roku 2025 WTZ w Piotrkowie licz\u0105 100 os\u00f3b z niepe\u0142nosprawno\u015bci\u0105 w stopniu umiarkowanym i znacznym. Po wielu przeprowadzkach WTZ mie\u015bci si\u0119 w lokalu przy ulicy Wysokiej 21 oraz w lokalu w Alejach 3 Maja 5. WTZ \u201eKubusie\u201d obejmuj\u0105 terapi\u0105 95 uczestnik\u00f3w i zajmuj\u0105 pomieszczenia w Moszczenicy przy ul. Piotrkowskiej 13, w Sulejowie przy ul. Milejowskiej 21 oraz w R\u0119cznie przy ul. G\u0142\u00f3wnej 60. W obu WTZ uczestnicy pod kierunkiem instruktor\u00f3w ucz\u0105 si\u0119 samodzielno\u015bci, odkrywaj\u0105 swoje talenty, uczestnicz\u0105 w praktykach zawodowych i aktywnie sp\u0119dzaj\u0105 czas w gronie koleg\u00f3w i kole\u017canek. Terapia sprawia, \u017ce potrafi\u0105 odnale\u017a\u0107 si\u0119 w \u015brodowisku ludzi \u201e sprawnych\u201d co daje im szanse na godne \u017cycie. W roku 2017 dzi\u0119ki przychylno\u015bci w\u0142adz Miasta stowarzyszenie uruchomi\u0142o Klub wsparcia dla os\u00f3b niepe\u0142nosprawnych \u201eBli\u017cej siebie\u201d, a 2 lata p\u00f3\u017aniej Mieszkania wspomagane. Z zaj\u0119\u0107 w klubie aktualnie korzysta 15 os\u00f3b, a zaj\u0119cia odbywaj\u0105 si\u0119 po po\u0142udniu w lokalu WTZ w Alejach 3 Maja 5. Mieszkania wspomagane mieszcz\u0105 si\u0119 w bloku przy ul. Wysokiej 15, s\u0105 w pe\u0142ni wyposa\u017cone, a jednocze\u015bnie mo\u017ce z nich korzysta\u0107 5 os\u00f3b. Mieszka\u0144cy pod okiem opiekuna ucz\u0105 si\u0119 samodzielnego funkcjonowania, z dala od \u015brodowiska rodzinnego. W ramach pobytu realizowane s\u0105 treningi min: trening w zakresie prowadzenia gospodarstwa domowego, trening kulinarny, trening higieny i promocji zdrowia itp. Oba dzia\u0142ania to kontynuacja projektu unijnego \u201e Razem mo\u017cemy jeszcze wi\u0119cej\u201d, kt\u00f3rego liderem by\u0142o Miasto Piotrk\u00f3w Trybunalski a partnerem Stowarzyszenie KPDN.<br \/>\nPoza prowadzeniem plac\u00f3wek stowarzyszenie podejmuje dzia\u0142ania zmierzaj\u0105ce do poprawy funkcjonowania os\u00f3b z niepe\u0142nosprawno\u015bciami oraz integruj\u0105ce \u015brodowisko tych os\u00f3b min: wycieczki, imprezy kulturalne, imprezy sportowe, spotkania integracyjne itp.<br \/>\nOd 2009 roku stowarzyszanie posiada status Organizacji Po\u017cytku Publicznego (OPP)<\/p>\n<p>Dzia\u0142alno\u015bci\u0105 Stowarzyszenia kieruje Zarz\u0105d w sk\u0142adzie:<\/p>\n<p>1. Przewodnicz\u0105ca Zarz\u0105du \u2013 Sandra Kurkiewicz<br \/>\n2. Wiceprzewodnicz\u0105cy Zarz\u0105du \u2013 Konrad Krawczy\u0144ski<br \/>\n3. Skarbnik \u2013 Danuta Chmielewska<br \/>\n4. Sekretarz \u2013 Renata Lec<br \/>\n5. Cz\u0142onek Zarz\u0105du \u2013 Jadwiga Dudkiewicz<br \/>\n6. Cz\u0142onek Zarz\u0105du \u2013 Jadwiga Weso\u0142owska<br \/>\n7. Cz\u0142onek Zarz\u0105du \u2013 Hanna Nowicka<\/p>\n","protected":false},"excerpt":{"rendered":"<p>Wiele lat temu, aby pomaga\u0107 swoim niepe\u0142nosprawnym dzieciom, rodzice tworzyli w ramach Towarzystwa Przyjaci\u00f3\u0142 Dzieci \u2013 Ko\u0142a Pomocy Dzieciom Specjalnej Troski. W roku 1993 w strukturach piotrkowskiego TPD powsta\u0142 o\u015brodek rehabilitacyjny dla dzieci, maj\u0105cy swoj\u0105 siedzib\u0119 w budynku przy ulicy Rycerskiej 16 w Piotrkowie Trybunalskim. W kwietniu 1994 roku rodzice utworzyli w\u0142asne, niezale\u017cne od TPD <a class=\"more-link\" href=\"https:\/\/skpdn.pl\/index.php\/o-stowarzyszeniu\/\">Continue reading <i class=\"fa fa-chevron-right\"><\/i><\/a><\/p>\n","protected":false},"author":1,"featured_media":0,"parent":0,"menu_order":0,"comment_status":"closed","ping_status":"closed","template":"","meta":{"footnotes":""},"class_list":["post-62","page","type-page","status-publish","hentry"],"_links":{"self":[{"href":"https:\/\/skpdn.pl\/index.php\/wp-json\/wp\/v2\/pages\/62","targetHints":{"allow":["GET"]}}],"collection":[{"href":"https:\/\/skpdn.pl\/index.php\/wp-json\/wp\/v2\/pages"}],"about":[{"href":"https:\/\/skpdn.pl\/index.php\/wp-json\/wp\/v2\/types\/page"}],"author":[{"embeddable":true,"href":"https:\/\/skpdn.pl\/index.php\/wp-json\/wp\/v2\/users\/1"}],"replies":[{"embeddable":true,"href":"https:\/\/skpdn.pl\/index.php\/wp-json\/wp\/v2\/comments?post=62"}],"version-history":[{"count":6,"href":"https:\/\/skpdn.pl\/index.php\/wp-json\/wp\/v2\/pages\/62\/revisions"}],"predecessor-version":[{"id":263,"href":"https:\/\/skpdn.pl\/index.php\/wp-json\/wp\/v2\/pages\/62\/revisions\/263"}],"wp:attachment":[{"href":"https:\/\/skpdn.pl\/index.php\/wp-json\/wp\/v2\/media?parent=62"}],"curies":[{"name":"wp","href":"https:\/\/api.w.org\/{rel}","templated":true}]}}