{"id":74,"date":"2025-11-06T10:10:23","date_gmt":"2025-11-06T10:10:23","guid":{"rendered":"https:\/\/wtzpiotrkow.pl\/?page_id=74"},"modified":"2025-12-16T10:33:52","modified_gmt":"2025-12-16T10:33:52","slug":"darczyncy","status":"publish","type":"page","link":"https:\/\/skpdn.pl\/index.php\/darczyncy\/","title":{"rendered":"Darczy\u0144cy"},"content":{"rendered":"<p>Informujemy \u017ce Stowarzyszenie otrzyma\u0142o od os\u00f3b prawnych:<\/p>\n<p><strong>Darowizny rzeczowe:<\/strong><\/p>\n<p>1. Fundacja LOTTO im. Haliny Konopackiej z siedzib\u0105 w Warszawie<br \/>\n2. SPO\u0141EM Powszechna Sp\u00f3\u0142dzielnia Spo\u017cywc\u00f3w w Piotrkowie Trybunalskim<\/p>\n<p><strong>Darowizny pieni\u0119\u017cne:<\/strong><\/p>\n<p>1. Green Eco Poland<br \/>\n2. Polanik sp.z o. o<br \/>\n3. Life Bio Farma<br \/>\n4. Manica Polska<br \/>\n5. Fundacja Fanimani Pozna\u0144<br \/>\n6. Elektrociep\u0142ownia Piotrk\u00f3w Trybunalski<\/p>\n","protected":false},"excerpt":{"rendered":"<p>Informujemy \u017ce Stowarzyszenie otrzyma\u0142o od os\u00f3b prawnych: Darowizny rzeczowe: 1. Fundacja LOTTO im. Haliny Konopackiej z siedzib\u0105 w Warszawie 2. SPO\u0141EM Powszechna Sp\u00f3\u0142dzielnia Spo\u017cywc\u00f3w w Piotrkowie Trybunalskim Darowizny pieni\u0119\u017cne: 1. Green Eco Poland 2. Polanik sp.z o. o 3. Life Bio Farma 4. Manica Polska 5. Fundacja Fanimani Pozna\u0144 6. Elektrociep\u0142ownia Piotrk\u00f3w Trybunalski<\/p>\n","protected":false},"author":1,"featured_media":0,"parent":0,"menu_order":0,"comment_status":"closed","ping_status":"closed","template":"","meta":{"footnotes":""},"class_list":["post-74","page","type-page","status-publish","hentry"],"_links":{"self":[{"href":"https:\/\/skpdn.pl\/index.php\/wp-json\/wp\/v2\/pages\/74","targetHints":{"allow":["GET"]}}],"collection":[{"href":"https:\/\/skpdn.pl\/index.php\/wp-json\/wp\/v2\/pages"}],"about":[{"href":"https:\/\/skpdn.pl\/index.php\/wp-json\/wp\/v2\/types\/page"}],"author":[{"embeddable":true,"href":"https:\/\/skpdn.pl\/index.php\/wp-json\/wp\/v2\/users\/1"}],"replies":[{"embeddable":true,"href":"https:\/\/skpdn.pl\/index.php\/wp-json\/wp\/v2\/comments?post=74"}],"version-history":[{"count":4,"href":"https:\/\/skpdn.pl\/index.php\/wp-json\/wp\/v2\/pages\/74\/revisions"}],"predecessor-version":[{"id":233,"href":"https:\/\/skpdn.pl\/index.php\/wp-json\/wp\/v2\/pages\/74\/revisions\/233"}],"wp:attachment":[{"href":"https:\/\/skpdn.pl\/index.php\/wp-json\/wp\/v2\/media?parent=74"}],"curies":[{"name":"wp","href":"https:\/\/api.w.org\/{rel}","templated":true}]}}