{"id":96,"date":"2025-11-06T10:20:57","date_gmt":"2025-11-06T10:20:57","guid":{"rendered":"https:\/\/wtzpiotrkow.pl\/?page_id=96"},"modified":"2025-12-16T10:28:13","modified_gmt":"2025-12-16T10:28:13","slug":"wtz-piotrkow-trybunalski","status":"publish","type":"page","link":"https:\/\/skpdn.pl\/index.php\/wtz-piotrkow-trybunalski\/","title":{"rendered":"WTZ Piotrk\u00f3w Trybunalski"},"content":{"rendered":"<p>Warsztaty Terapii Zaj\u0119ciowej w Piotrkowie Trybunalskim s\u0105 plac\u00f3wk\u0105 dziennego pobytu dedykowan\u0105 doros\u0142ym osobom z niepe\u0142noprawno\u015bciami.<br \/>\nOd 1995 roku z pasj\u0105 i zaanga\u017cowaniem tworzymy wyj\u0105tkowe miejsce, w kt\u00f3rym osoby ze znacznym i umiarkowanym stopniem niepe\u0142nosprawno\u015bci mog\u0105 odnale\u017a\u0107 swoje miejsce. Wierzymy, \u017ce ca\u0142o\u015bciowe podej\u015bcie do rehabilitacji jest kluczem do sukcesu, dlatego oferujemy szeroki wachlarz dzia\u0142a\u0144, kt\u00f3re wspieraj\u0105 naszych podopiecznych w ka\u017cdej dziedzinie ich \u017cycia. Naszym celem jest nie tylko poprawa jako\u015bci funkcjonowania os\u00f3b z niepe\u0142nosprawno\u015bciami, ale tak\u017ce umo\u017cliwienie im pe\u0142nego uczestnictwa w \u017cyciu spo\u0142ecznym i zawodowym. Z zaj\u0119\u0107 w WTZ codziennie korzysta 100 uczestnik\u00f3w. Zaj\u0119cia odbywaj\u0105 si\u0119 w 20 profilowanych pracowniach, gdzie pod okiem do\u015bwiadczonej kadry podopieczni odkrywaj\u0105 swoje pasje, zdobywaj\u0105 nowe umiej\u0119tno\u015bci, rozwijaj\u0105 swoje talenty. Ka\u017cda pracownia to odr\u0119bny \u015bwiat, w kt\u00f3rym nasi podopieczni mog\u0105 rozwija\u0107 si\u0119 w spos\u00f3b indywidualny, realizowa\u0107 swoje zainteresowania i budowa\u0107 poczucie w\u0142asnej warto\u015bci.<\/p>\n<p><strong>Nasze dzia\u0142ania koncentruj\u0105 si\u0119 na trzech kluczowych obszarach rehabilitacji:<\/strong><\/p>\n<p>\u2022 rehabilitacja spo\u0142eczna \u2013 uczymy naszych podopiecznych umiej\u0119tno\u015bci niezb\u0119dnych do funkcjonowania w spo\u0142ecze\u0144stwie takich jak komunikacja, nawi\u0105zywanie relacji, radzenie sobie w sytuacjach spo\u0142ecznych. Organizujemy zaj\u0119cia grupowe, wycieczki spotkania integracyjne, kt\u00f3re sprzyjaj\u0105 budowaniu poczucia przynale\u017cno\u015bci i wzmacniaj\u0105 umiej\u0119tno\u015bci spo\u0142eczne<br \/>\n\u2022 rehabilitacja zawodowa \u2013 przygotowujemy naszych podopiecznych do wej\u015bcia na rynek pracy. Oferujemy praktyki, doradztwo zawodowe, szkolenia z zakresu umiej\u0119tno\u015bci poszukiwania pracy, pisania CV i list\u00f3w motywacyjnych.<br \/>\n\u2022 rehabilitacja ruchowa \u2013 dbamy o sprawno\u015b\u0107 fizyczn\u0105 naszych podopiecznych. Oferujemy zaj\u0119cia z zakresu rehabilitacji ruchowej, kt\u00f3re poprawiaj\u0105 koordynacj\u0119, wzmacniaj\u0105 mi\u0119\u015bnie i poprawiaj\u0105 og\u00f3ln\u0105 sprawno\u015b\u0107 fizyczn\u0105.<\/p>\n<p><strong>Zapewniamy tak\u017ce kompleksowe wsparcie:<\/strong><br \/>\n\u2022 psychologiczne \u2013 pomoc w radzeniu sobie z emocjami, trudno\u015bciami, wsparcie w budowaniu poczucia w\u0142asnej warto\u015bci.<br \/>\n\u2022 pomoc pracownika socjalnego \u2013 wsparcie w rozwi\u0105zywaniu problem\u00f3w socjalnych, pomoc w kontaktach z instytucjami.<br \/>\n\u2022 wsparcie doradcy zawodowego \u2013 przygotowanie do wej\u015bcia na rynek pracy, pomoc w znalezieniu zatrudnienia, zdobywanie do\u015bwiadczenia zawodowego.<\/p>\n","protected":false},"excerpt":{"rendered":"<p>Warsztaty Terapii Zaj\u0119ciowej w Piotrkowie Trybunalskim s\u0105 plac\u00f3wk\u0105 dziennego pobytu dedykowan\u0105 doros\u0142ym osobom z niepe\u0142noprawno\u015bciami. Od 1995 roku z pasj\u0105 i zaanga\u017cowaniem tworzymy wyj\u0105tkowe miejsce, w kt\u00f3rym osoby ze znacznym i umiarkowanym stopniem niepe\u0142nosprawno\u015bci mog\u0105 odnale\u017a\u0107 swoje miejsce. Wierzymy, \u017ce ca\u0142o\u015bciowe podej\u015bcie do rehabilitacji jest kluczem do sukcesu, dlatego oferujemy szeroki wachlarz dzia\u0142a\u0144, kt\u00f3re wspieraj\u0105 <a class=\"more-link\" href=\"https:\/\/skpdn.pl\/index.php\/wtz-piotrkow-trybunalski\/\">Continue reading <i class=\"fa fa-chevron-right\"><\/i><\/a><\/p>\n","protected":false},"author":1,"featured_media":0,"parent":0,"menu_order":0,"comment_status":"closed","ping_status":"closed","template":"","meta":{"footnotes":""},"class_list":["post-96","page","type-page","status-publish","hentry"],"_links":{"self":[{"href":"https:\/\/skpdn.pl\/index.php\/wp-json\/wp\/v2\/pages\/96","targetHints":{"allow":["GET"]}}],"collection":[{"href":"https:\/\/skpdn.pl\/index.php\/wp-json\/wp\/v2\/pages"}],"about":[{"href":"https:\/\/skpdn.pl\/index.php\/wp-json\/wp\/v2\/types\/page"}],"author":[{"embeddable":true,"href":"https:\/\/skpdn.pl\/index.php\/wp-json\/wp\/v2\/users\/1"}],"replies":[{"embeddable":true,"href":"https:\/\/skpdn.pl\/index.php\/wp-json\/wp\/v2\/comments?post=96"}],"version-history":[{"count":8,"href":"https:\/\/skpdn.pl\/index.php\/wp-json\/wp\/v2\/pages\/96\/revisions"}],"predecessor-version":[{"id":265,"href":"https:\/\/skpdn.pl\/index.php\/wp-json\/wp\/v2\/pages\/96\/revisions\/265"}],"wp:attachment":[{"href":"https:\/\/skpdn.pl\/index.php\/wp-json\/wp\/v2\/media?parent=96"}],"curies":[{"name":"wp","href":"https:\/\/api.w.org\/{rel}","templated":true}]}}